{"id":2098,"date":"2020-04-22T05:06:14","date_gmt":"2020-04-22T05:06:14","guid":{"rendered":"https:\/\/birkilbilisim.com\/?page_id=2098"},"modified":"2023-03-08T12:41:45","modified_gmt":"2023-03-08T12:41:45","slug":"kalite-politikamiz","status":"publish","type":"page","link":"https:\/\/birkilbilisim.com\/tr\/kalite-politikamiz\/","title":{"rendered":"Kalite Politikam\u0131z"},"content":{"rendered":"\t\t<div data-elementor-type=\"wp-page\" data-elementor-id=\"2098\" class=\"elementor elementor-2098\" data-elementor-settings=\"[]\">\n\t\t\t\t\t\t<div class=\"elementor-inner\">\n\t\t\t\t\t\t\t<div class=\"elementor-section-wrap\">\n\t\t\t\t\t\t\t<section class=\"elementor-section elementor-top-section elementor-element elementor-element-726c0db elementor-section-stretched elementor-section-boxed elementor-section-height-default elementor-section-height-default\" data-id=\"726c0db\" data-element_type=\"section\" data-settings=\"{&quot;stretch_section&quot;:&quot;section-stretched&quot;,&quot;background_background&quot;:&quot;classic&quot;}\">\n\t\t\t\t\t\t<div class=\"elementor-container elementor-column-gap-default\">\n\t\t\t\t\t\t\t<div class=\"elementor-row\">\n\t\t\t\t\t<div class=\"elementor-column elementor-col-100 elementor-top-column elementor-element elementor-element-bab8458\" data-id=\"bab8458\" data-element_type=\"column\" data-settings=\"{&quot;background_background&quot;:&quot;classic&quot;}\">\n\t\t\t<div class=\"elementor-column-wrap elementor-element-populated\">\n\t\t\t\t\t\t\t<div class=\"elementor-widget-wrap\">\n\t\t\t\t\t\t<div class=\"elementor-element elementor-element-779ed37 elementor-invisible elementor-widget elementor-widget-heading\" data-id=\"779ed37\" data-element_type=\"widget\" data-settings=\"{&quot;_animation&quot;:&quot;fadeInUp&quot;,&quot;_animation_delay&quot;:200}\" data-widget_type=\"heading.default\">\n\t\t\t\t<div class=\"elementor-widget-container\">\n\t\t\t<h1 class=\"elementor-heading-title elementor-size-default\">kalite politikam\u0131z<\/h1>\t\t<\/div>\n\t\t\t\t<\/div>\n\t\t\t\t<div class=\"elementor-element elementor-element-a37272d elementor-widget__width-initial elementor-absolute elementor-widget elementor-widget-image\" data-id=\"a37272d\" data-element_type=\"widget\" data-settings=\"{&quot;_position&quot;:&quot;absolute&quot;}\" data-widget_type=\"image.default\">\n\t\t\t\t<div class=\"elementor-widget-container\">\n\t\t\t\t\t\t\t\t<div class=\"elementor-image\">\n\t\t\t\t\t\t\t\t\t\t\t\t<img decoding=\"async\" src=\"https:\/\/birkilbilisim.com\/wp-content\/uploads\/2020\/06\/banner-text-border-bg.jpg\" title=\"\" alt=\"\" \/>\t\t\t\t\t\t\t\t\t\t\t\t\t\t<\/div>\n\t\t\t\t\t\t<\/div>\n\t\t\t\t<\/div>\n\t\t\t\t\t\t<\/div>\n\t\t\t\t\t<\/div>\n\t\t<\/div>\n\t\t\t\t\t\t\t\t<\/div>\n\t\t\t\t\t<\/div>\n\t\t<\/section>\n\t\t\t\t<section class=\"elementor-section elementor-top-section elementor-element elementor-element-bf068df elementor-section-boxed elementor-section-height-default elementor-section-height-default\" data-id=\"bf068df\" data-element_type=\"section\" data-settings=\"{&quot;background_background&quot;:&quot;classic&quot;}\">\n\t\t\t\t\t\t<div class=\"elementor-container elementor-column-gap-default\">\n\t\t\t\t\t\t\t<div class=\"elementor-row\">\n\t\t\t\t\t<div class=\"elementor-column elementor-col-100 elementor-top-column elementor-element elementor-element-322931e\" data-id=\"322931e\" data-element_type=\"column\">\n\t\t\t<div class=\"elementor-column-wrap elementor-element-populated\">\n\t\t\t\t\t\t\t<div class=\"elementor-widget-wrap\">\n\t\t\t\t\t\t<section class=\"elementor-section elementor-inner-section elementor-element elementor-element-532bfdb elementor-section-boxed elementor-section-height-default elementor-section-height-default\" data-id=\"532bfdb\" data-element_type=\"section\">\n\t\t\t\t\t\t<div class=\"elementor-container elementor-column-gap-default\">\n\t\t\t\t\t\t\t<div class=\"elementor-row\">\n\t\t\t\t\t<div class=\"elementor-column elementor-col-100 elementor-inner-column elementor-element elementor-element-e3fcb70\" data-id=\"e3fcb70\" data-element_type=\"column\">\n\t\t\t<div class=\"elementor-column-wrap elementor-element-populated\">\n\t\t\t\t\t\t\t<div class=\"elementor-widget-wrap\">\n\t\t\t\t\t\t<div class=\"elementor-element elementor-element-bdb8995 elementor-hidden-desktop elementor-hidden-tablet elementor-widget elementor-widget-heading\" data-id=\"bdb8995\" data-element_type=\"widget\" data-widget_type=\"heading.default\">\n\t\t\t\t<div class=\"elementor-widget-container\">\n\t\t\t<h2 class=\"elementor-heading-title elementor-size-default\">kalite politikam\u0131z<\/h2>\t\t<\/div>\n\t\t\t\t<\/div>\n\t\t\t\t<div class=\"elementor-element elementor-element-f1059af elementor-invisible elementor-widget elementor-widget-text-editor\" data-id=\"f1059af\" data-element_type=\"widget\" data-settings=\"{&quot;_animation&quot;:&quot;fadeInUp&quot;,&quot;_animation_delay&quot;:600}\" data-widget_type=\"text-editor.default\">\n\t\t\t\t<div class=\"elementor-widget-container\">\n\t\t\t\t\t\t\t\t<div class=\"elementor-text-editor elementor-clearfix\">\n\t\t\t\t<p><strong>Birkil; <\/strong>Yurt i\u00e7i ve yurt d\u0131\u015f\u0131nda g\u00f6stermi\u015f oldu\u011fu faaliyet ve hizmetlerini y\u00fcr\u00fct\u00fcrken m\u00fc\u015fteri memnuniyetini maksimum d\u00fczeye \u00e7\u0131karmak ve sekt\u00f6r\u00fcndeki her t\u00fcrl\u00fc ihtiyaca cevap verebilmek \u00fczere de\u011fi\u015fen ve geli\u015fen teknolojiyi de yak\u0131ndan izlemekte ve hizmet politikas\u0131na en iyi \u015fekilde yans\u0131tmaktad\u0131r.<\/p><div class=\"wpb_text_column wpb_content_element \"><div class=\"wpb_wrapper\"><p>B\u00fcnyemizde \u00e7al\u0131\u015ft\u0131rd\u0131\u011f\u0131m\u0131z her personelin yap\u0131lan i\u015fe eksiksiz h\u00e2kim olma hususu, \u00e7evreye olan duyarl\u0131l\u0131\u011f\u0131m\u0131z kalite ve sa\u011fl\u0131k kavramlar\u0131n\u0131 \u00f6n planda tutmam\u0131z\u0131 ve buna g\u00f6re politikalar\u0131m\u0131z\u0131 olu\u015fturmam\u0131z\u0131 sa\u011flamaktad\u0131r. Bu ama\u00e7la \u015firketimiz \u00e7al\u0131\u015fanlar\u0131n\u0131n bilgi ve refah seviyesini y\u00fckseltmek, Kalite Y\u00f6netim Sistemi ve yasal \u015fartlara uyulmas\u0131, uygulanmas\u0131, etkin k\u0131l\u0131nmas\u0131 ve s\u00fcrekli iyile\u015ftirilmesi \u015firketimizin ana prensibidir.<\/p><p>Firmam\u0131z bu ama\u00e7la, her g\u00fcn artan ve de\u011fi\u015fen m\u00fc\u015fteri taleplerini kar\u015f\u0131lamak, hizmet kalitesini art\u0131rmak, m\u00fc\u015fteri memnuniyeti sa\u011flamak i\u00e7in konusunda uzman personel ile teknolojik geli\u015fmeleri ve yasal mevzuatlar\u0131 yak\u0131ndan takip etmektedir.<\/p><p>Faaliyetlerimizin; s\u00fcrekli iyile\u015fmesi ve geli\u015ftirilmesi, firmam\u0131z\u0131n temel ilkelerini olu\u015fturmakta olup e\u011fitime \u00f6nem vererek kalite sisteminin geli\u015fimini s\u00fcrekli hale getirmeyi taahh\u00fct etmektedir.<\/p><\/div><\/div>\t\t\t\t\t<\/div>\n\t\t\t\t\t\t<\/div>\n\t\t\t\t<\/div>\n\t\t\t\t\t\t<\/div>\n\t\t\t\t\t<\/div>\n\t\t<\/div>\n\t\t\t\t\t\t\t\t<\/div>\n\t\t\t\t\t<\/div>\n\t\t<\/section>\n\t\t\t\t\t\t<\/div>\n\t\t\t\t\t<\/div>\n\t\t<\/div>\n\t\t\t\t\t\t\t\t<\/div>\n\t\t\t\t\t<\/div>\n\t\t<\/section>\n\t\t\t\t\t\t<\/div>\n\t\t\t\t\t\t<\/div>\n\t\t\t\t\t<\/div>\n\t\t","protected":false},"excerpt":{"rendered":"<p>kalite politikam\u0131z kalite politikam\u0131z Birkil; Yurt i\u00e7i ve yurt d\u0131\u015f\u0131nda g\u00f6stermi\u015f oldu\u011fu faaliyet ve hizmetlerini y\u00fcr\u00fct\u00fcrken m\u00fc\u015fteri memnuniyetini maksimum d\u00fczeye \u00e7\u0131karmak ve sekt\u00f6r\u00fcndeki her t\u00fcrl\u00fc ihtiyaca cevap verebilmek \u00fczere de\u011fi\u015fen ve geli\u015fen teknolojiyi de yak\u0131ndan izlemekte ve hizmet politikas\u0131na en iyi \u015fekilde yans\u0131tmaktad\u0131r. B\u00fcnyemizde \u00e7al\u0131\u015ft\u0131rd\u0131\u011f\u0131m\u0131z her personelin yap\u0131lan i\u015fe eksiksiz h\u00e2kim olma hususu, \u00e7evreye olan [&hellip;]<\/p>\n","protected":false},"author":1,"featured_media":0,"parent":0,"menu_order":0,"comment_status":"closed","ping_status":"closed","template":"elementor_header_footer","meta":[],"yoast_head":"<!-- This site is optimized with the Yoast SEO plugin v18.3 - https:\/\/yoast.com\/wordpress\/plugins\/seo\/ -->\n<title>Kalite Politikam\u0131z - Birkil Bili\u015fim<\/title>\n<meta name=\"robots\" content=\"index, follow, max-snippet:-1, max-image-preview:large, max-video-preview:-1\" \/>\n<link rel=\"canonical\" href=\"https:\/\/birkilbilisim.com\/tr\/kalite-politikamiz\/\" \/>\n<meta property=\"og:locale\" content=\"tr_TR\" \/>\n<meta property=\"og:type\" content=\"article\" \/>\n<meta property=\"og:title\" content=\"Kalite Politikam\u0131z - Birkil Bili\u015fim\" \/>\n<meta property=\"og:description\" content=\"kalite politikam\u0131z kalite politikam\u0131z Birkil; Yurt i\u00e7i ve yurt d\u0131\u015f\u0131nda g\u00f6stermi\u015f oldu\u011fu faaliyet ve hizmetlerini y\u00fcr\u00fct\u00fcrken m\u00fc\u015fteri memnuniyetini maksimum d\u00fczeye \u00e7\u0131karmak ve sekt\u00f6r\u00fcndeki her t\u00fcrl\u00fc ihtiyaca cevap verebilmek \u00fczere de\u011fi\u015fen ve geli\u015fen teknolojiyi de yak\u0131ndan izlemekte ve hizmet politikas\u0131na en iyi \u015fekilde yans\u0131tmaktad\u0131r. B\u00fcnyemizde \u00e7al\u0131\u015ft\u0131rd\u0131\u011f\u0131m\u0131z her personelin yap\u0131lan i\u015fe eksiksiz h\u00e2kim olma hususu, \u00e7evreye olan [&hellip;]\" \/>\n<meta property=\"og:url\" content=\"https:\/\/birkilbilisim.com\/tr\/kalite-politikamiz\/\" \/>\n<meta property=\"og:site_name\" content=\"Birkil Bili\u015fim\" \/>\n<meta property=\"article:modified_time\" content=\"2023-03-08T12:41:45+00:00\" \/>\n<meta property=\"og:image\" content=\"https:\/\/birkilbilisim.com\/wp-content\/uploads\/2020\/06\/banner-text-border-bg.jpg\" \/>\n<meta name=\"twitter:card\" content=\"summary_large_image\" \/>\n<meta name=\"twitter:label1\" content=\"Tahmini okuma s\u00fcresi\" \/>\n\t<meta name=\"twitter:data1\" content=\"2 dakika\" \/>\n<script type=\"application\/ld+json\" class=\"yoast-schema-graph\">{\"@context\":\"https:\/\/schema.org\",\"@graph\":[{\"@type\":\"WebSite\",\"@id\":\"https:\/\/birkilbilisim.com\/#website\",\"url\":\"https:\/\/birkilbilisim.com\/\",\"name\":\"Birkil Bili\u015fim\",\"description\":\"\u00dcst D\u00fczey Bili\u015fim Teknolojileri\",\"potentialAction\":[{\"@type\":\"SearchAction\",\"target\":{\"@type\":\"EntryPoint\",\"urlTemplate\":\"https:\/\/birkilbilisim.com\/?s={search_term_string}\"},\"query-input\":\"required name=search_term_string\"}],\"inLanguage\":\"tr\"},{\"@type\":\"ImageObject\",\"@id\":\"https:\/\/birkilbilisim.com\/tr\/kalite-politikamiz\/#primaryimage\",\"inLanguage\":\"tr\",\"url\":\"https:\/\/birkilbilisim.com\/wp-content\/uploads\/2020\/06\/banner-text-border-bg.jpg\",\"contentUrl\":\"https:\/\/birkilbilisim.com\/wp-content\/uploads\/2020\/06\/banner-text-border-bg.jpg\"},{\"@type\":\"WebPage\",\"@id\":\"https:\/\/birkilbilisim.com\/tr\/kalite-politikamiz\/#webpage\",\"url\":\"https:\/\/birkilbilisim.com\/tr\/kalite-politikamiz\/\",\"name\":\"Kalite Politikam\u0131z - Birkil Bili\u015fim\",\"isPartOf\":{\"@id\":\"https:\/\/birkilbilisim.com\/#website\"},\"primaryImageOfPage\":{\"@id\":\"https:\/\/birkilbilisim.com\/tr\/kalite-politikamiz\/#primaryimage\"},\"datePublished\":\"2020-04-22T05:06:14+00:00\",\"dateModified\":\"2023-03-08T12:41:45+00:00\",\"breadcrumb\":{\"@id\":\"https:\/\/birkilbilisim.com\/tr\/kalite-politikamiz\/#breadcrumb\"},\"inLanguage\":\"tr\",\"potentialAction\":[{\"@type\":\"ReadAction\",\"target\":[\"https:\/\/birkilbilisim.com\/tr\/kalite-politikamiz\/\"]}]},{\"@type\":\"BreadcrumbList\",\"@id\":\"https:\/\/birkilbilisim.com\/tr\/kalite-politikamiz\/#breadcrumb\",\"itemListElement\":[{\"@type\":\"ListItem\",\"position\":1,\"name\":\"Anasayfa\",\"item\":\"https:\/\/birkilbilisim.com\/\"},{\"@type\":\"ListItem\",\"position\":2,\"name\":\"Kalite Politikam\u0131z\"}]}]}<\/script>\n<!-- \/ Yoast SEO plugin. -->","yoast_head_json":{"title":"Kalite Politikam\u0131z - Birkil Bili\u015fim","robots":{"index":"index","follow":"follow","max-snippet":"max-snippet:-1","max-image-preview":"max-image-preview:large","max-video-preview":"max-video-preview:-1"},"canonical":"https:\/\/birkilbilisim.com\/tr\/kalite-politikamiz\/","og_locale":"tr_TR","og_type":"article","og_title":"Kalite Politikam\u0131z - Birkil Bili\u015fim","og_description":"kalite politikam\u0131z kalite politikam\u0131z Birkil; Yurt i\u00e7i ve yurt d\u0131\u015f\u0131nda g\u00f6stermi\u015f oldu\u011fu faaliyet ve hizmetlerini y\u00fcr\u00fct\u00fcrken m\u00fc\u015fteri memnuniyetini maksimum d\u00fczeye \u00e7\u0131karmak ve sekt\u00f6r\u00fcndeki her t\u00fcrl\u00fc ihtiyaca cevap verebilmek \u00fczere de\u011fi\u015fen ve geli\u015fen teknolojiyi de yak\u0131ndan izlemekte ve hizmet politikas\u0131na en iyi \u015fekilde yans\u0131tmaktad\u0131r. B\u00fcnyemizde \u00e7al\u0131\u015ft\u0131rd\u0131\u011f\u0131m\u0131z her personelin yap\u0131lan i\u015fe eksiksiz h\u00e2kim olma hususu, \u00e7evreye olan [&hellip;]","og_url":"https:\/\/birkilbilisim.com\/tr\/kalite-politikamiz\/","og_site_name":"Birkil Bili\u015fim","article_modified_time":"2023-03-08T12:41:45+00:00","og_image":[{"url":"https:\/\/birkilbilisim.com\/wp-content\/uploads\/2020\/06\/banner-text-border-bg.jpg"}],"twitter_card":"summary_large_image","twitter_misc":{"Tahmini okuma s\u00fcresi":"2 dakika"},"schema":{"@context":"https:\/\/schema.org","@graph":[{"@type":"WebSite","@id":"https:\/\/birkilbilisim.com\/#website","url":"https:\/\/birkilbilisim.com\/","name":"Birkil Bili\u015fim","description":"\u00dcst D\u00fczey Bili\u015fim Teknolojileri","potentialAction":[{"@type":"SearchAction","target":{"@type":"EntryPoint","urlTemplate":"https:\/\/birkilbilisim.com\/?s={search_term_string}"},"query-input":"required name=search_term_string"}],"inLanguage":"tr"},{"@type":"ImageObject","@id":"https:\/\/birkilbilisim.com\/tr\/kalite-politikamiz\/#primaryimage","inLanguage":"tr","url":"https:\/\/birkilbilisim.com\/wp-content\/uploads\/2020\/06\/banner-text-border-bg.jpg","contentUrl":"https:\/\/birkilbilisim.com\/wp-content\/uploads\/2020\/06\/banner-text-border-bg.jpg"},{"@type":"WebPage","@id":"https:\/\/birkilbilisim.com\/tr\/kalite-politikamiz\/#webpage","url":"https:\/\/birkilbilisim.com\/tr\/kalite-politikamiz\/","name":"Kalite Politikam\u0131z - Birkil Bili\u015fim","isPartOf":{"@id":"https:\/\/birkilbilisim.com\/#website"},"primaryImageOfPage":{"@id":"https:\/\/birkilbilisim.com\/tr\/kalite-politikamiz\/#primaryimage"},"datePublished":"2020-04-22T05:06:14+00:00","dateModified":"2023-03-08T12:41:45+00:00","breadcrumb":{"@id":"https:\/\/birkilbilisim.com\/tr\/kalite-politikamiz\/#breadcrumb"},"inLanguage":"tr","potentialAction":[{"@type":"ReadAction","target":["https:\/\/birkilbilisim.com\/tr\/kalite-politikamiz\/"]}]},{"@type":"BreadcrumbList","@id":"https:\/\/birkilbilisim.com\/tr\/kalite-politikamiz\/#breadcrumb","itemListElement":[{"@type":"ListItem","position":1,"name":"Anasayfa","item":"https:\/\/birkilbilisim.com\/"},{"@type":"ListItem","position":2,"name":"Kalite Politikam\u0131z"}]}]}},"_links":{"self":[{"href":"https:\/\/birkilbilisim.com\/tr\/wp-json\/wp\/v2\/pages\/2098"}],"collection":[{"href":"https:\/\/birkilbilisim.com\/tr\/wp-json\/wp\/v2\/pages"}],"about":[{"href":"https:\/\/birkilbilisim.com\/tr\/wp-json\/wp\/v2\/types\/page"}],"author":[{"embeddable":true,"href":"https:\/\/birkilbilisim.com\/tr\/wp-json\/wp\/v2\/users\/1"}],"replies":[{"embeddable":true,"href":"https:\/\/birkilbilisim.com\/tr\/wp-json\/wp\/v2\/comments?post=2098"}],"version-history":[{"count":7,"href":"https:\/\/birkilbilisim.com\/tr\/wp-json\/wp\/v2\/pages\/2098\/revisions"}],"predecessor-version":[{"id":37407,"href":"https:\/\/birkilbilisim.com\/tr\/wp-json\/wp\/v2\/pages\/2098\/revisions\/37407"}],"wp:attachment":[{"href":"https:\/\/birkilbilisim.com\/tr\/wp-json\/wp\/v2\/media?parent=2098"}],"curies":[{"name":"wp","href":"https:\/\/api.w.org\/{rel}","templated":true}]}}