{"id":35055,"date":"2021-02-17T14:50:31","date_gmt":"2021-02-17T14:50:31","guid":{"rendered":"https:\/\/birkilbilisim.com\/?page_id=35055"},"modified":"2023-03-08T12:56:40","modified_gmt":"2023-03-08T12:56:40","slug":"cozum-ortaklarimiz","status":"publish","type":"page","link":"https:\/\/birkilbilisim.com\/tr\/cozum-ortaklarimiz\/","title":{"rendered":"\u00c7\u00f6z\u00fcm Ortaklar\u0131m\u0131z"},"content":{"rendered":"\t\t<div data-elementor-type=\"wp-page\" data-elementor-id=\"35055\" class=\"elementor elementor-35055\" data-elementor-settings=\"[]\">\n\t\t\t\t\t\t<div class=\"elementor-inner\">\n\t\t\t\t\t\t\t<div class=\"elementor-section-wrap\">\n\t\t\t\t\t\t\t<section class=\"elementor-section elementor-top-section elementor-element elementor-element-726c0db elementor-section-stretched elementor-section-boxed elementor-section-height-default elementor-section-height-default\" data-id=\"726c0db\" data-element_type=\"section\" data-settings=\"{&quot;stretch_section&quot;:&quot;section-stretched&quot;,&quot;background_background&quot;:&quot;classic&quot;}\">\n\t\t\t\t\t\t<div class=\"elementor-container elementor-column-gap-default\">\n\t\t\t\t\t\t\t<div class=\"elementor-row\">\n\t\t\t\t\t<div class=\"elementor-column elementor-col-100 elementor-top-column elementor-element elementor-element-bab8458\" data-id=\"bab8458\" data-element_type=\"column\" data-settings=\"{&quot;background_background&quot;:&quot;classic&quot;}\">\n\t\t\t<div class=\"elementor-column-wrap elementor-element-populated\">\n\t\t\t\t\t\t\t<div class=\"elementor-widget-wrap\">\n\t\t\t\t\t\t<div class=\"elementor-element elementor-element-779ed37 elementor-invisible elementor-widget elementor-widget-heading\" data-id=\"779ed37\" data-element_type=\"widget\" data-settings=\"{&quot;_animation&quot;:&quot;fadeInUp&quot;,&quot;_animation_delay&quot;:200}\" data-widget_type=\"heading.default\">\n\t\t\t\t<div class=\"elementor-widget-container\">\n\t\t\t<h1 class=\"elementor-heading-title elementor-size-default\">\u00c7\u00d6Z\u00dcM ORTAKLARIMIz<\/h1>\t\t<\/div>\n\t\t\t\t<\/div>\n\t\t\t\t<div class=\"elementor-element elementor-element-a37272d elementor-widget__width-initial elementor-absolute elementor-widget elementor-widget-image\" data-id=\"a37272d\" data-element_type=\"widget\" data-settings=\"{&quot;_position&quot;:&quot;absolute&quot;}\" data-widget_type=\"image.default\">\n\t\t\t\t<div class=\"elementor-widget-container\">\n\t\t\t\t\t\t\t\t<div class=\"elementor-image\">\n\t\t\t\t\t\t\t\t\t\t\t\t<img decoding=\"async\" src=\"https:\/\/birkilbilisim.com\/wp-content\/uploads\/2020\/06\/banner-text-border-bg.jpg\" title=\"\" alt=\"\" \/>\t\t\t\t\t\t\t\t\t\t\t\t\t\t<\/div>\n\t\t\t\t\t\t<\/div>\n\t\t\t\t<\/div>\n\t\t\t\t\t\t<\/div>\n\t\t\t\t\t<\/div>\n\t\t<\/div>\n\t\t\t\t\t\t\t\t<\/div>\n\t\t\t\t\t<\/div>\n\t\t<\/section>\n\t\t\t\t<section class=\"elementor-section elementor-top-section elementor-element elementor-element-f62932f elementor-section-boxed elementor-section-height-default elementor-section-height-default\" data-id=\"f62932f\" data-element_type=\"section\">\n\t\t\t\t\t\t<div class=\"elementor-container elementor-column-gap-default\">\n\t\t\t\t\t\t\t<div class=\"elementor-row\">\n\t\t\t\t\t<div class=\"elementor-column elementor-col-100 elementor-top-column elementor-element elementor-element-4627e38\" data-id=\"4627e38\" data-element_type=\"column\">\n\t\t\t<div class=\"elementor-column-wrap elementor-element-populated\">\n\t\t\t\t\t\t\t<div class=\"elementor-widget-wrap\">\n\t\t\t\t\t\t<div class=\"elementor-element elementor-element-88a9ed0 elementor-invisible elementor-widget elementor-widget-radiant-client\" data-id=\"88a9ed0\" data-element_type=\"widget\" data-settings=\"{&quot;_animation&quot;:&quot;slideInUp&quot;,&quot;_animation_delay&quot;:200}\" data-widget_type=\"radiant-client.default\">\n\t\t\t\t<div class=\"elementor-widget-container\">\n\t\t\t<div class=\"clients element-four \"  data-row-items=\"6\"><div class=\"clients-item\"><div class=\"holder matchHeight\"><div class=\"table\"><div class=\"table-cell\"><div class=\"pic radiantthemes-retina\"><img width=\"216\" height=\"185\" src=\"https:\/\/birkilbilisim.com\/wp-content\/uploads\/2021\/02\/Allied2.png\" class=\"client-cover-img wp-post-image\" alt=\"\" decoding=\"async\" loading=\"lazy\" \/><\/div><\/div><\/div><\/div><\/div><div class=\"clients-item\"><div class=\"holder matchHeight\"><div class=\"table\"><div class=\"table-cell\"><div class=\"pic radiantthemes-retina\"><img width=\"216\" height=\"185\" src=\"https:\/\/birkilbilisim.com\/wp-content\/uploads\/2021\/02\/Aoc2.png\" class=\"client-cover-img wp-post-image\" alt=\"\" decoding=\"async\" loading=\"lazy\" \/><\/div><\/div><\/div><\/div><\/div><div class=\"clients-item\"><div class=\"holder matchHeight\"><div class=\"table\"><div class=\"table-cell\"><div class=\"pic radiantthemes-retina\"><img width=\"216\" height=\"185\" src=\"https:\/\/birkilbilisim.com\/wp-content\/uploads\/2021\/02\/Asus2.png\" class=\"client-cover-img wp-post-image\" alt=\"\" decoding=\"async\" loading=\"lazy\" \/><\/div><\/div><\/div><\/div><\/div><div class=\"clients-item\"><div class=\"holder matchHeight\"><div class=\"table\"><div class=\"table-cell\"><div class=\"pic radiantthemes-retina\"><img width=\"216\" height=\"185\" src=\"https:\/\/birkilbilisim.com\/wp-content\/uploads\/2021\/02\/Aten2.png\" class=\"client-cover-img wp-post-image\" alt=\"\" decoding=\"async\" loading=\"lazy\" \/><\/div><\/div><\/div><\/div><\/div><div class=\"clients-item\"><div class=\"holder matchHeight\"><div class=\"table\"><div class=\"table-cell\"><div class=\"pic radiantthemes-retina\"><img width=\"216\" height=\"185\" src=\"https:\/\/birkilbilisim.com\/wp-content\/uploads\/2021\/02\/Axis2.png\" class=\"client-cover-img wp-post-image\" alt=\"\" decoding=\"async\" loading=\"lazy\" \/><\/div><\/div><\/div><\/div><\/div><div class=\"clients-item\"><div class=\"holder matchHeight\"><div class=\"table\"><div class=\"table-cell\"><div class=\"pic radiantthemes-retina\"><img width=\"216\" height=\"185\" src=\"https:\/\/birkilbilisim.com\/wp-content\/uploads\/2021\/02\/BrandRex2.png\" class=\"client-cover-img wp-post-image\" alt=\"\" decoding=\"async\" loading=\"lazy\" \/><\/div><\/div><\/div><\/div><\/div><div class=\"clients-item\"><div class=\"holder matchHeight\"><div class=\"table\"><div class=\"table-cell\"><div class=\"pic radiantthemes-retina\"><img width=\"216\" height=\"185\" src=\"https:\/\/birkilbilisim.com\/wp-content\/uploads\/2021\/02\/Checkpoint2.png\" class=\"client-cover-img wp-post-image\" alt=\"\" decoding=\"async\" loading=\"lazy\" \/><\/div><\/div><\/div><\/div><\/div><div class=\"clients-item\"><div class=\"holder matchHeight\"><div class=\"table\"><div class=\"table-cell\"><div class=\"pic radiantthemes-retina\"><img width=\"216\" height=\"185\" src=\"https:\/\/birkilbilisim.com\/wp-content\/uploads\/2021\/02\/Cisco2.png\" class=\"client-cover-img wp-post-image\" alt=\"\" decoding=\"async\" loading=\"lazy\" \/><\/div><\/div><\/div><\/div><\/div><div class=\"clients-item\"><div class=\"holder matchHeight\"><div class=\"table\"><div class=\"table-cell\"><div class=\"pic radiantthemes-retina\"><img width=\"216\" height=\"185\" src=\"https:\/\/birkilbilisim.com\/wp-content\/uploads\/2021\/02\/Corning2-1.png\" class=\"client-cover-img wp-post-image\" alt=\"\" decoding=\"async\" loading=\"lazy\" \/><\/div><\/div><\/div><\/div><\/div><div class=\"clients-item\"><div class=\"holder matchHeight\"><div class=\"table\"><div class=\"table-cell\"><div class=\"pic radiantthemes-retina\"><img width=\"216\" height=\"185\" src=\"https:\/\/birkilbilisim.com\/wp-content\/uploads\/2021\/02\/Commscope2-1.png\" class=\"client-cover-img wp-post-image\" alt=\"\" decoding=\"async\" loading=\"lazy\" \/><\/div><\/div><\/div><\/div><\/div><div class=\"clients-item\"><div class=\"holder matchHeight\"><div class=\"table\"><div class=\"table-cell\"><div class=\"pic radiantthemes-retina\"><img width=\"216\" height=\"185\" src=\"https:\/\/birkilbilisim.com\/wp-content\/uploads\/2021\/02\/Dallmeier2-1.png\" class=\"client-cover-img wp-post-image\" alt=\"\" decoding=\"async\" loading=\"lazy\" \/><\/div><\/div><\/div><\/div><\/div><div class=\"clients-item\"><div class=\"holder matchHeight\"><div class=\"table\"><div class=\"table-cell\"><div class=\"pic radiantthemes-retina\"><img width=\"216\" height=\"185\" src=\"https:\/\/birkilbilisim.com\/wp-content\/uploads\/2021\/02\/Dell2.png\" class=\"client-cover-img wp-post-image\" alt=\"\" decoding=\"async\" loading=\"lazy\" \/><\/div><\/div><\/div><\/div><\/div><div class=\"clients-item\"><div class=\"holder matchHeight\"><div class=\"table\"><div class=\"table-cell\"><div class=\"pic radiantthemes-retina\"><img width=\"216\" height=\"185\" src=\"https:\/\/birkilbilisim.com\/wp-content\/uploads\/2021\/02\/DellEmc2.png\" class=\"client-cover-img wp-post-image\" alt=\"\" decoding=\"async\" loading=\"lazy\" \/><\/div><\/div><\/div><\/div><\/div><div class=\"clients-item\"><div class=\"holder matchHeight\"><div class=\"table\"><div class=\"table-cell\"><div class=\"pic radiantthemes-retina\"><img width=\"216\" height=\"185\" src=\"https:\/\/birkilbilisim.com\/wp-content\/uploads\/2021\/02\/Digitus1.png\" class=\"client-cover-img wp-post-image\" alt=\"\" decoding=\"async\" loading=\"lazy\" \/><\/div><\/div><\/div><\/div><\/div><div class=\"clients-item\"><div class=\"holder matchHeight\"><div class=\"table\"><div class=\"table-cell\"><div class=\"pic radiantthemes-retina\"><img width=\"216\" height=\"185\" src=\"https:\/\/birkilbilisim.com\/wp-content\/uploads\/2021\/02\/Fibrenetix2-1.png\" class=\"client-cover-img wp-post-image\" alt=\"\" decoding=\"async\" loading=\"lazy\" \/><\/div><\/div><\/div><\/div><\/div><div class=\"clients-item\"><div class=\"holder matchHeight\"><div class=\"table\"><div class=\"table-cell\"><div class=\"pic radiantthemes-retina\"><img width=\"216\" height=\"185\" src=\"https:\/\/birkilbilisim.com\/wp-content\/uploads\/2021\/02\/Formrack2-1.png\" class=\"client-cover-img wp-post-image\" alt=\"\" decoding=\"async\" loading=\"lazy\" \/><\/div><\/div><\/div><\/div><\/div><div class=\"clients-item\"><div class=\"holder matchHeight\"><div class=\"table\"><div class=\"table-cell\"><div class=\"pic radiantthemes-retina\"><img width=\"216\" height=\"185\" src=\"https:\/\/birkilbilisim.com\/wp-content\/uploads\/2021\/02\/Fujitsu2.png\" class=\"client-cover-img wp-post-image\" alt=\"\" decoding=\"async\" loading=\"lazy\" \/><\/div><\/div><\/div><\/div><\/div><div class=\"clients-item\"><div class=\"holder matchHeight\"><div class=\"table\"><div class=\"table-cell\"><div class=\"pic radiantthemes-retina\"><img width=\"216\" height=\"185\" src=\"https:\/\/birkilbilisim.com\/wp-content\/uploads\/2021\/02\/gunnebo2.png\" class=\"client-cover-img wp-post-image\" alt=\"\" decoding=\"async\" loading=\"lazy\" \/><\/div><\/div><\/div><\/div><\/div><div class=\"clients-item\"><div class=\"holder matchHeight\"><div class=\"table\"><div class=\"table-cell\"><div class=\"pic radiantthemes-retina\"><img width=\"216\" height=\"185\" src=\"https:\/\/birkilbilisim.com\/wp-content\/uploads\/2021\/02\/unv.png\" class=\"client-cover-img wp-post-image\" alt=\"\" decoding=\"async\" loading=\"lazy\" \/><\/div><\/div><\/div><\/div><\/div><div class=\"clients-item\"><div class=\"holder matchHeight\"><div class=\"table\"><div class=\"table-cell\"><div class=\"pic radiantthemes-retina\"><img width=\"216\" height=\"185\" src=\"https:\/\/birkilbilisim.com\/wp-content\/uploads\/2021\/02\/hikvision2.png\" class=\"client-cover-img wp-post-image\" alt=\"\" decoding=\"async\" loading=\"lazy\" \/><\/div><\/div><\/div><\/div><\/div><div class=\"clients-item\"><div class=\"holder matchHeight\"><div class=\"table\"><div class=\"table-cell\"><div class=\"pic radiantthemes-retina\"><img width=\"216\" height=\"185\" src=\"https:\/\/birkilbilisim.com\/wp-content\/uploads\/2021\/02\/hitachi2.png\" class=\"client-cover-img wp-post-image\" alt=\"\" decoding=\"async\" loading=\"lazy\" \/><\/div><\/div><\/div><\/div><\/div><div class=\"clients-item\"><div class=\"holder matchHeight\"><div class=\"table\"><div class=\"table-cell\"><div class=\"pic radiantthemes-retina\"><img width=\"216\" height=\"185\" src=\"https:\/\/birkilbilisim.com\/wp-content\/uploads\/2021\/02\/Kingston2.png\" class=\"client-cover-img wp-post-image\" alt=\"\" decoding=\"async\" loading=\"lazy\" \/><\/div><\/div><\/div><\/div><\/div><div class=\"clients-item\"><div class=\"holder matchHeight\"><div class=\"table\"><div class=\"table-cell\"><div class=\"pic radiantthemes-retina\"><img width=\"216\" height=\"185\" src=\"https:\/\/birkilbilisim.com\/wp-content\/uploads\/2021\/02\/milestone2.png\" class=\"client-cover-img wp-post-image\" alt=\"\" decoding=\"async\" loading=\"lazy\" \/><\/div><\/div><\/div><\/div><\/div><div class=\"clients-item\"><div class=\"holder matchHeight\"><div class=\"table\"><div class=\"table-cell\"><div class=\"pic radiantthemes-retina\"><img width=\"216\" height=\"185\" src=\"https:\/\/birkilbilisim.com\/wp-content\/uploads\/2021\/02\/Oracle2.png\" class=\"client-cover-img wp-post-image\" alt=\"\" decoding=\"async\" loading=\"lazy\" \/><\/div><\/div><\/div><\/div><\/div><div class=\"clients-item\"><div class=\"holder matchHeight\"><div class=\"table\"><div class=\"table-cell\"><div class=\"pic radiantthemes-retina\"><img width=\"216\" height=\"185\" src=\"https:\/\/birkilbilisim.com\/wp-content\/uploads\/2021\/02\/Planet2.png\" class=\"client-cover-img wp-post-image\" alt=\"\" decoding=\"async\" loading=\"lazy\" \/><\/div><\/div><\/div><\/div><\/div><div class=\"clients-item\"><div class=\"holder matchHeight\"><div class=\"table\"><div class=\"table-cell\"><div class=\"pic radiantthemes-retina\"><img width=\"216\" height=\"185\" src=\"https:\/\/birkilbilisim.com\/wp-content\/uploads\/2021\/02\/Prysmian2.png\" class=\"client-cover-img wp-post-image\" alt=\"\" decoding=\"async\" loading=\"lazy\" \/><\/div><\/div><\/div><\/div><\/div><div class=\"clients-item\"><div class=\"holder matchHeight\"><div class=\"table\"><div class=\"table-cell\"><div class=\"pic radiantthemes-retina\"><img width=\"216\" height=\"185\" src=\"https:\/\/birkilbilisim.com\/wp-content\/uploads\/2021\/02\/CommScope-Ruckus.png\" class=\"client-cover-img wp-post-image\" alt=\"\" decoding=\"async\" loading=\"lazy\" \/><\/div><\/div><\/div><\/div><\/div><div class=\"clients-item\"><div class=\"holder matchHeight\"><div class=\"table\"><div class=\"table-cell\"><div class=\"pic radiantthemes-retina\"><img width=\"216\" height=\"185\" src=\"https:\/\/birkilbilisim.com\/wp-content\/uploads\/2021\/02\/Ruijie2.png\" class=\"client-cover-img wp-post-image\" alt=\"\" decoding=\"async\" loading=\"lazy\" \/><\/div><\/div><\/div><\/div><\/div><div class=\"clients-item\"><div class=\"holder matchHeight\"><div class=\"table\"><div class=\"table-cell\"><div class=\"pic radiantthemes-retina\"><img width=\"216\" height=\"185\" src=\"https:\/\/birkilbilisim.com\/wp-content\/uploads\/2021\/02\/rm2.png\" class=\"client-cover-img wp-post-image\" alt=\"\" decoding=\"async\" loading=\"lazy\" \/><\/div><\/div><\/div><\/div><\/div><div class=\"clients-item\"><div class=\"holder matchHeight\"><div class=\"table\"><div class=\"table-cell\"><div class=\"pic radiantthemes-retina\"><img width=\"216\" height=\"185\" src=\"https:\/\/birkilbilisim.com\/wp-content\/uploads\/2021\/02\/SEAGATE2.png\" class=\"client-cover-img wp-post-image\" alt=\"\" decoding=\"async\" loading=\"lazy\" \/><\/div><\/div><\/div><\/div><\/div><div class=\"clients-item\"><div class=\"holder matchHeight\"><div class=\"table\"><div class=\"table-cell\"><div class=\"pic radiantthemes-retina\"><img width=\"216\" height=\"185\" src=\"https:\/\/birkilbilisim.com\/wp-content\/uploads\/2021\/02\/SOPHOS2.png\" class=\"client-cover-img wp-post-image\" alt=\"\" decoding=\"async\" loading=\"lazy\" \/><\/div><\/div><\/div><\/div><\/div><div class=\"clients-item\"><div class=\"holder matchHeight\"><div class=\"table\"><div class=\"table-cell\"><div class=\"pic radiantthemes-retina\"><img width=\"216\" height=\"185\" src=\"https:\/\/birkilbilisim.com\/wp-content\/uploads\/2021\/02\/TDSI2.png\" class=\"client-cover-img wp-post-image\" alt=\"\" decoding=\"async\" loading=\"lazy\" \/><\/div><\/div><\/div><\/div><\/div><div class=\"clients-item\"><div class=\"holder matchHeight\"><div class=\"table\"><div class=\"table-cell\"><div class=\"pic radiantthemes-retina\"><img width=\"216\" height=\"185\" src=\"https:\/\/birkilbilisim.com\/wp-content\/uploads\/2021\/02\/ubiquiti2.png\" class=\"client-cover-img wp-post-image\" alt=\"\" decoding=\"async\" loading=\"lazy\" \/><\/div><\/div><\/div><\/div><\/div><div class=\"clients-item\"><div class=\"holder matchHeight\"><div class=\"table\"><div class=\"table-cell\"><div class=\"pic radiantthemes-retina\"><img width=\"216\" height=\"185\" src=\"https:\/\/birkilbilisim.com\/wp-content\/uploads\/2021\/02\/Trendmicro2.png\" class=\"client-cover-img wp-post-image\" alt=\"\" decoding=\"async\" loading=\"lazy\" \/><\/div><\/div><\/div><\/div><\/div><div class=\"clients-item\"><div class=\"holder matchHeight\"><div class=\"table\"><div class=\"table-cell\"><div class=\"pic radiantthemes-retina\"><img width=\"216\" height=\"185\" src=\"https:\/\/birkilbilisim.com\/wp-content\/uploads\/2021\/02\/Lenovo2.png\" class=\"client-cover-img wp-post-image\" alt=\"\" decoding=\"async\" loading=\"lazy\" \/><\/div><\/div><\/div><\/div><\/div><div class=\"clients-item\"><div class=\"holder matchHeight\"><div class=\"table\"><div class=\"table-cell\"><div class=\"pic radiantthemes-retina\"><img width=\"216\" height=\"185\" src=\"https:\/\/birkilbilisim.com\/wp-content\/uploads\/2021\/02\/vmware2.png\" class=\"client-cover-img wp-post-image\" alt=\"\" decoding=\"async\" loading=\"lazy\" \/><\/div><\/div><\/div><\/div><\/div><div class=\"clients-item\"><div class=\"holder matchHeight\"><div class=\"table\"><div class=\"table-cell\"><div class=\"pic radiantthemes-retina\"><img width=\"216\" height=\"185\" src=\"https:\/\/birkilbilisim.com\/wp-content\/uploads\/2021\/03\/Dahua.png\" class=\"client-cover-img wp-post-image\" alt=\"\" decoding=\"async\" loading=\"lazy\" \/><\/div><\/div><\/div><\/div><\/div><div class=\"clients-item\"><div class=\"holder matchHeight\"><div class=\"table\"><div class=\"table-cell\"><div class=\"pic radiantthemes-retina\"><img width=\"216\" height=\"185\" src=\"https:\/\/birkilbilisim.com\/wp-content\/uploads\/2021\/03\/Canon.png\" class=\"client-cover-img wp-post-image\" alt=\"\" decoding=\"async\" loading=\"lazy\" \/><\/div><\/div><\/div><\/div><\/div><div class=\"clients-item\"><div class=\"holder matchHeight\"><div class=\"table\"><div class=\"table-cell\"><div class=\"pic radiantthemes-retina\"><img width=\"216\" height=\"185\" src=\"https:\/\/birkilbilisim.com\/wp-content\/uploads\/2021\/03\/Komamura-Corporation-1.png\" class=\"client-cover-img wp-post-image\" alt=\"\" decoding=\"async\" loading=\"lazy\" \/><\/div><\/div><\/div><\/div><\/div><div class=\"clients-item\"><div class=\"holder matchHeight\"><div class=\"table\"><div class=\"table-cell\"><div class=\"pic radiantthemes-retina\"><img width=\"216\" height=\"185\" src=\"https:\/\/birkilbilisim.com\/wp-content\/uploads\/2021\/03\/tplink.png\" class=\"client-cover-img wp-post-image\" alt=\"\" decoding=\"async\" loading=\"lazy\" \/><\/div><\/div><\/div><\/div><\/div><div class=\"clients-item\"><div class=\"holder matchHeight\"><div class=\"table\"><div class=\"table-cell\"><div class=\"pic radiantthemes-retina\"><img width=\"216\" height=\"185\" src=\"https:\/\/birkilbilisim.com\/wp-content\/uploads\/2021\/03\/Fortinet.png\" class=\"client-cover-img wp-post-image\" alt=\"\" decoding=\"async\" loading=\"lazy\" \/><\/div><\/div><\/div><\/div><\/div><div class=\"clients-item\"><div class=\"holder matchHeight\"><div class=\"table\"><div class=\"table-cell\"><div class=\"pic radiantthemes-retina\"><img width=\"216\" height=\"185\" src=\"https:\/\/birkilbilisim.com\/wp-content\/uploads\/2021\/03\/Paloalto.png\" class=\"client-cover-img wp-post-image\" alt=\"\" decoding=\"async\" loading=\"lazy\" \/><\/div><\/div><\/div><\/div><\/div><\/div>\t\t<\/div>\n\t\t\t\t<\/div>\n\t\t\t\t\t\t<\/div>\n\t\t\t\t\t<\/div>\n\t\t<\/div>\n\t\t\t\t\t\t\t\t<\/div>\n\t\t\t\t\t<\/div>\n\t\t<\/section>\n\t\t\t\t\t\t<\/div>\n\t\t\t\t\t\t<\/div>\n\t\t\t\t\t<\/div>\n\t\t","protected":false},"excerpt":{"rendered":"<p>\u00c7\u00d6Z\u00dcM ORTAKLARIMIz<\/p>\n","protected":false},"author":1,"featured_media":0,"parent":0,"menu_order":0,"comment_status":"closed","ping_status":"closed","template":"elementor_header_footer","meta":[],"yoast_head":"<!-- This site is optimized with the Yoast SEO plugin v18.3 - https:\/\/yoast.com\/wordpress\/plugins\/seo\/ -->\n<title>\u00c7\u00f6z\u00fcm Ortaklar\u0131m\u0131z - Birkil Bili\u015fim<\/title>\n<meta name=\"robots\" content=\"index, follow, max-snippet:-1, max-image-preview:large, max-video-preview:-1\" \/>\n<link rel=\"canonical\" href=\"https:\/\/birkilbilisim.com\/tr\/cozum-ortaklarimiz\/\" \/>\n<meta property=\"og:locale\" content=\"tr_TR\" \/>\n<meta property=\"og:type\" content=\"article\" \/>\n<meta property=\"og:title\" content=\"\u00c7\u00f6z\u00fcm Ortaklar\u0131m\u0131z - Birkil Bili\u015fim\" \/>\n<meta property=\"og:description\" content=\"\u00c7\u00d6Z\u00dcM ORTAKLARIMIz\" \/>\n<meta property=\"og:url\" content=\"https:\/\/birkilbilisim.com\/tr\/cozum-ortaklarimiz\/\" \/>\n<meta property=\"og:site_name\" content=\"Birkil Bili\u015fim\" \/>\n<meta property=\"article:modified_time\" content=\"2023-03-08T12:56:40+00:00\" \/>\n<meta property=\"og:image\" content=\"https:\/\/birkilbilisim.com\/wp-content\/uploads\/2020\/06\/banner-text-border-bg.jpg\" \/>\n<meta name=\"twitter:card\" content=\"summary_large_image\" \/>\n<meta name=\"twitter:label1\" content=\"Tahmini okuma s\u00fcresi\" \/>\n\t<meta name=\"twitter:data1\" content=\"9 dakika\" \/>\n<script type=\"application\/ld+json\" class=\"yoast-schema-graph\">{\"@context\":\"https:\/\/schema.org\",\"@graph\":[{\"@type\":\"WebSite\",\"@id\":\"https:\/\/birkilbilisim.com\/#website\",\"url\":\"https:\/\/birkilbilisim.com\/\",\"name\":\"Birkil Bili\u015fim\",\"description\":\"\u00dcst D\u00fczey Bili\u015fim Teknolojileri\",\"potentialAction\":[{\"@type\":\"SearchAction\",\"target\":{\"@type\":\"EntryPoint\",\"urlTemplate\":\"https:\/\/birkilbilisim.com\/?s={search_term_string}\"},\"query-input\":\"required name=search_term_string\"}],\"inLanguage\":\"tr\"},{\"@type\":\"ImageObject\",\"@id\":\"https:\/\/birkilbilisim.com\/cozum-ortaklarimiz\/#primaryimage\",\"inLanguage\":\"tr\",\"url\":\"https:\/\/birkilbilisim.com\/wp-content\/uploads\/2020\/06\/banner-text-border-bg.jpg\",\"contentUrl\":\"https:\/\/birkilbilisim.com\/wp-content\/uploads\/2020\/06\/banner-text-border-bg.jpg\"},{\"@type\":\"WebPage\",\"@id\":\"https:\/\/birkilbilisim.com\/cozum-ortaklarimiz\/#webpage\",\"url\":\"https:\/\/birkilbilisim.com\/cozum-ortaklarimiz\/\",\"name\":\"\u00c7\u00f6z\u00fcm Ortaklar\u0131m\u0131z - Birkil Bili\u015fim\",\"isPartOf\":{\"@id\":\"https:\/\/birkilbilisim.com\/#website\"},\"primaryImageOfPage\":{\"@id\":\"https:\/\/birkilbilisim.com\/cozum-ortaklarimiz\/#primaryimage\"},\"datePublished\":\"2021-02-17T14:50:31+00:00\",\"dateModified\":\"2023-03-08T12:56:40+00:00\",\"breadcrumb\":{\"@id\":\"https:\/\/birkilbilisim.com\/cozum-ortaklarimiz\/#breadcrumb\"},\"inLanguage\":\"tr\",\"potentialAction\":[{\"@type\":\"ReadAction\",\"target\":[\"https:\/\/birkilbilisim.com\/cozum-ortaklarimiz\/\"]}]},{\"@type\":\"BreadcrumbList\",\"@id\":\"https:\/\/birkilbilisim.com\/cozum-ortaklarimiz\/#breadcrumb\",\"itemListElement\":[{\"@type\":\"ListItem\",\"position\":1,\"name\":\"Anasayfa\",\"item\":\"https:\/\/birkilbilisim.com\/\"},{\"@type\":\"ListItem\",\"position\":2,\"name\":\"\u00c7\u00f6z\u00fcm Ortaklar\u0131m\u0131z\"}]}]}<\/script>\n<!-- \/ Yoast SEO plugin. -->","yoast_head_json":{"title":"\u00c7\u00f6z\u00fcm Ortaklar\u0131m\u0131z - Birkil Bili\u015fim","robots":{"index":"index","follow":"follow","max-snippet":"max-snippet:-1","max-image-preview":"max-image-preview:large","max-video-preview":"max-video-preview:-1"},"canonical":"https:\/\/birkilbilisim.com\/tr\/cozum-ortaklarimiz\/","og_locale":"tr_TR","og_type":"article","og_title":"\u00c7\u00f6z\u00fcm Ortaklar\u0131m\u0131z - Birkil Bili\u015fim","og_description":"\u00c7\u00d6Z\u00dcM ORTAKLARIMIz","og_url":"https:\/\/birkilbilisim.com\/tr\/cozum-ortaklarimiz\/","og_site_name":"Birkil Bili\u015fim","article_modified_time":"2023-03-08T12:56:40+00:00","og_image":[{"url":"https:\/\/birkilbilisim.com\/wp-content\/uploads\/2020\/06\/banner-text-border-bg.jpg"}],"twitter_card":"summary_large_image","twitter_misc":{"Tahmini okuma s\u00fcresi":"9 dakika"},"schema":{"@context":"https:\/\/schema.org","@graph":[{"@type":"WebSite","@id":"https:\/\/birkilbilisim.com\/#website","url":"https:\/\/birkilbilisim.com\/","name":"Birkil Bili\u015fim","description":"\u00dcst D\u00fczey Bili\u015fim Teknolojileri","potentialAction":[{"@type":"SearchAction","target":{"@type":"EntryPoint","urlTemplate":"https:\/\/birkilbilisim.com\/?s={search_term_string}"},"query-input":"required name=search_term_string"}],"inLanguage":"tr"},{"@type":"ImageObject","@id":"https:\/\/birkilbilisim.com\/cozum-ortaklarimiz\/#primaryimage","inLanguage":"tr","url":"https:\/\/birkilbilisim.com\/wp-content\/uploads\/2020\/06\/banner-text-border-bg.jpg","contentUrl":"https:\/\/birkilbilisim.com\/wp-content\/uploads\/2020\/06\/banner-text-border-bg.jpg"},{"@type":"WebPage","@id":"https:\/\/birkilbilisim.com\/cozum-ortaklarimiz\/#webpage","url":"https:\/\/birkilbilisim.com\/cozum-ortaklarimiz\/","name":"\u00c7\u00f6z\u00fcm Ortaklar\u0131m\u0131z - Birkil Bili\u015fim","isPartOf":{"@id":"https:\/\/birkilbilisim.com\/#website"},"primaryImageOfPage":{"@id":"https:\/\/birkilbilisim.com\/cozum-ortaklarimiz\/#primaryimage"},"datePublished":"2021-02-17T14:50:31+00:00","dateModified":"2023-03-08T12:56:40+00:00","breadcrumb":{"@id":"https:\/\/birkilbilisim.com\/cozum-ortaklarimiz\/#breadcrumb"},"inLanguage":"tr","potentialAction":[{"@type":"ReadAction","target":["https:\/\/birkilbilisim.com\/cozum-ortaklarimiz\/"]}]},{"@type":"BreadcrumbList","@id":"https:\/\/birkilbilisim.com\/cozum-ortaklarimiz\/#breadcrumb","itemListElement":[{"@type":"ListItem","position":1,"name":"Anasayfa","item":"https:\/\/birkilbilisim.com\/"},{"@type":"ListItem","position":2,"name":"\u00c7\u00f6z\u00fcm Ortaklar\u0131m\u0131z"}]}]}},"_links":{"self":[{"href":"https:\/\/birkilbilisim.com\/tr\/wp-json\/wp\/v2\/pages\/35055"}],"collection":[{"href":"https:\/\/birkilbilisim.com\/tr\/wp-json\/wp\/v2\/pages"}],"about":[{"href":"https:\/\/birkilbilisim.com\/tr\/wp-json\/wp\/v2\/types\/page"}],"author":[{"embeddable":true,"href":"https:\/\/birkilbilisim.com\/tr\/wp-json\/wp\/v2\/users\/1"}],"replies":[{"embeddable":true,"href":"https:\/\/birkilbilisim.com\/tr\/wp-json\/wp\/v2\/comments?post=35055"}],"version-history":[{"count":4,"href":"https:\/\/birkilbilisim.com\/tr\/wp-json\/wp\/v2\/pages\/35055\/revisions"}],"predecessor-version":[{"id":37417,"href":"https:\/\/birkilbilisim.com\/tr\/wp-json\/wp\/v2\/pages\/35055\/revisions\/37417"}],"wp:attachment":[{"href":"https:\/\/birkilbilisim.com\/tr\/wp-json\/wp\/v2\/media?parent=35055"}],"curies":[{"name":"wp","href":"https:\/\/api.w.org\/{rel}","templated":true}]}}