{"id":37158,"date":"2022-03-20T12:43:03","date_gmt":"2022-03-20T12:43:03","guid":{"rendered":"https:\/\/birkilbilisim.com\/?page_id=37158"},"modified":"2025-03-25T22:27:43","modified_gmt":"2025-03-25T22:27:43","slug":"canon","status":"publish","type":"page","link":"https:\/\/birkilbilisim.com\/tr\/canon\/","title":{"rendered":"Canon"},"content":{"rendered":"\t\t<div data-elementor-type=\"wp-page\" data-elementor-id=\"37158\" class=\"elementor elementor-37158\" data-elementor-settings=\"[]\">\n\t\t\t\t\t\t<div class=\"elementor-inner\">\n\t\t\t\t\t\t\t<div class=\"elementor-section-wrap\">\n\t\t\t\t\t\t\t<section class=\"elementor-section elementor-top-section elementor-element elementor-element-14a6d1b elementor-section-stretched elementor-section-boxed elementor-section-height-default elementor-section-height-default\" data-id=\"14a6d1b\" data-element_type=\"section\" data-settings=\"{&quot;stretch_section&quot;:&quot;section-stretched&quot;,&quot;background_background&quot;:&quot;gradient&quot;}\">\n\t\t\t\t\t\t<div class=\"elementor-container elementor-column-gap-default\">\n\t\t\t\t\t\t\t<div class=\"elementor-row\">\n\t\t\t\t\t<div class=\"elementor-column elementor-col-100 elementor-top-column elementor-element elementor-element-4ef774d\" data-id=\"4ef774d\" data-element_type=\"column\">\n\t\t\t<div class=\"elementor-column-wrap elementor-element-populated\">\n\t\t\t\t\t\t\t<div class=\"elementor-widget-wrap\">\n\t\t\t\t\t\t<div class=\"elementor-element elementor-element-0d5499d elementor-invisible elementor-widget elementor-widget-heading\" data-id=\"0d5499d\" data-element_type=\"widget\" data-settings=\"{&quot;_animation&quot;:&quot;fadeInUp&quot;,&quot;_animation_delay&quot;:200}\" data-widget_type=\"heading.default\">\n\t\t\t\t<div class=\"elementor-widget-container\">\n\t\t\t<h1 class=\"elementor-heading-title elementor-size-default\">CANON \u00dcR\u00dcNLER\u0130<\/h1>\t\t<\/div>\n\t\t\t\t<\/div>\n\t\t\t\t\t\t<\/div>\n\t\t\t\t\t<\/div>\n\t\t<\/div>\n\t\t\t\t\t\t\t\t<\/div>\n\t\t\t\t\t<\/div>\n\t\t<\/section>\n\t\t\t\t<section class=\"elementor-section elementor-top-section elementor-element elementor-element-b30c6d6 elementor-section-boxed elementor-section-height-default elementor-section-height-default\" data-id=\"b30c6d6\" data-element_type=\"section\">\n\t\t\t\t\t\t<div class=\"elementor-container elementor-column-gap-default\">\n\t\t\t\t\t\t\t<div class=\"elementor-row\">\n\t\t\t\t\t<div class=\"elementor-column elementor-col-25 elementor-top-column elementor-element elementor-element-51923e9\" data-id=\"51923e9\" data-element_type=\"column\">\n\t\t\t<div class=\"elementor-column-wrap elementor-element-populated\">\n\t\t\t\t\t\t\t<div class=\"elementor-widget-wrap\">\n\t\t\t\t\t\t<div class=\"elementor-element elementor-element-7f2903f elementor-widget elementor-widget-radiant-fanc-text-box\" data-id=\"7f2903f\" data-element_type=\"widget\" data-widget_type=\"radiant-fanc-text-box.default\">\n\t\t\t\t<div class=\"elementor-widget-container\">\n\t\t\t\r<!-- fancy-text-box -->\r<div class=\"rt-fancy-text-box element-three\"><div class=\"holder\"><div class=\"main-placeholder\"><div class=\"icon\"><img width=\"150\" height=\"150\" src=\"https:\/\/birkilbilisim.com\/wp-content\/uploads\/2022\/03\/1-VB-H45B-1-150x150.jpg\" class=\"attachment-thumbnail size-thumbnail\" alt=\"\" decoding=\"async\" loading=\"lazy\" srcset=\"https:\/\/birkilbilisim.com\/wp-content\/uploads\/2022\/03\/1-VB-H45B-1-150x150.jpg 150w, https:\/\/birkilbilisim.com\/wp-content\/uploads\/2022\/03\/1-VB-H45B-1-12x12.jpg 12w, https:\/\/birkilbilisim.com\/wp-content\/uploads\/2022\/03\/1-VB-H45B-1-300x300.jpg 300w, https:\/\/birkilbilisim.com\/wp-content\/uploads\/2022\/03\/1-VB-H45B-1-100x100.jpg 100w\" sizes=\"(max-width: 150px) 100vw, 150px\" \/><\/div><div class=\"data\"><h4 class=\"title\">CANON<\/h4><p class=\"subtitle\">VB-H45\/B<\/p><div class=\"content\"><p><p><strong>12.000 EURO + KDV \/ ADET<br \/><\/strong><\/p><\/p><\/div><\/div><\/div><\/div><\/div>\r<!-- fancy-text-box -->\r\t\t<\/div>\n\t\t\t\t<\/div>\n\t\t\t\t\t\t<\/div>\n\t\t\t\t\t<\/div>\n\t\t<\/div>\n\t\t\t\t<div class=\"elementor-column elementor-col-25 elementor-top-column elementor-element elementor-element-88cd50b\" data-id=\"88cd50b\" data-element_type=\"column\">\n\t\t\t<div class=\"elementor-column-wrap elementor-element-populated\">\n\t\t\t\t\t\t\t<div class=\"elementor-widget-wrap\">\n\t\t\t\t\t\t<div class=\"elementor-element elementor-element-a5c8c37 elementor-widget elementor-widget-radiant-fanc-text-box\" data-id=\"a5c8c37\" data-element_type=\"widget\" data-widget_type=\"radiant-fanc-text-box.default\">\n\t\t\t\t<div class=\"elementor-widget-container\">\n\t\t\t\r<!-- fancy-text-box -->\r<div class=\"rt-fancy-text-box element-three\"><div class=\"holder\"><div class=\"main-placeholder\"><div class=\"icon\"><img width=\"150\" height=\"150\" src=\"https:\/\/birkilbilisim.com\/wp-content\/uploads\/2022\/03\/2-VB-M50B-150x150.jpg\" class=\"attachment-thumbnail size-thumbnail\" alt=\"\" decoding=\"async\" loading=\"lazy\" srcset=\"https:\/\/birkilbilisim.com\/wp-content\/uploads\/2022\/03\/2-VB-M50B-150x150.jpg 150w, https:\/\/birkilbilisim.com\/wp-content\/uploads\/2022\/03\/2-VB-M50B-12x12.jpg 12w, https:\/\/birkilbilisim.com\/wp-content\/uploads\/2022\/03\/2-VB-M50B-300x300.jpg 300w, https:\/\/birkilbilisim.com\/wp-content\/uploads\/2022\/03\/2-VB-M50B-100x100.jpg 100w\" sizes=\"(max-width: 150px) 100vw, 150px\" \/><\/div><div class=\"data\"><h4 class=\"title\">CANON<\/h4><p class=\"subtitle\">VB-M50B<\/p><div class=\"content\"><p><p><strong>16.499 EURO + KDV \/ ADET<br \/><\/strong><\/p><\/p><\/div><\/div><\/div><\/div><\/div>\r<!-- fancy-text-box -->\r\t\t<\/div>\n\t\t\t\t<\/div>\n\t\t\t\t\t\t<\/div>\n\t\t\t\t\t<\/div>\n\t\t<\/div>\n\t\t\t\t<div class=\"elementor-column elementor-col-25 elementor-top-column elementor-element elementor-element-ebb8250\" data-id=\"ebb8250\" data-element_type=\"column\">\n\t\t\t<div class=\"elementor-column-wrap\">\n\t\t\t\t\t\t\t<div class=\"elementor-widget-wrap\">\n\t\t\t\t\t\t\t\t<\/div>\n\t\t\t\t\t<\/div>\n\t\t<\/div>\n\t\t\t\t<div class=\"elementor-column elementor-col-25 elementor-top-column elementor-element elementor-element-85ed1de\" data-id=\"85ed1de\" data-element_type=\"column\">\n\t\t\t<div class=\"elementor-column-wrap\">\n\t\t\t\t\t\t\t<div class=\"elementor-widget-wrap\">\n\t\t\t\t\t\t\t\t<\/div>\n\t\t\t\t\t<\/div>\n\t\t<\/div>\n\t\t\t\t\t\t\t\t<\/div>\n\t\t\t\t\t<\/div>\n\t\t<\/section>\n\t\t\t\t\t\t<\/div>\n\t\t\t\t\t\t<\/div>\n\t\t\t\t\t<\/div>\n\t\t","protected":false},"excerpt":{"rendered":"<p>CANON \u00dcR\u00dcNLER\u0130 CANON VB-H45\/B 12.000 EURO + KDV \/ ADET CANON VB-M50B 16.499 EURO + KDV \/ ADET<\/p>\n","protected":false},"author":1,"featured_media":36874,"parent":0,"menu_order":0,"comment_status":"closed","ping_status":"closed","template":"","meta":[],"yoast_head":"<!-- This site is optimized with the Yoast SEO plugin v18.3 - https:\/\/yoast.com\/wordpress\/plugins\/seo\/ -->\n<title>Canon - Birkil Bili\u015fim<\/title>\n<meta name=\"description\" content=\"Birkil firmas\u0131 olarak CANON \u00fcr\u00fcnlerinin tedari\u011fini sizler i\u00e7in sa\u011flayabiliriz. Sitemizdeki CANON \u00fcr\u00fcnlerini inceleyin.\" \/>\n<meta name=\"robots\" content=\"index, follow, max-snippet:-1, max-image-preview:large, max-video-preview:-1\" \/>\n<link rel=\"canonical\" href=\"https:\/\/birkilbilisim.com\/tr\/canon\/\" \/>\n<meta property=\"og:locale\" content=\"tr_TR\" \/>\n<meta property=\"og:type\" content=\"article\" \/>\n<meta property=\"og:title\" content=\"Canon - Birkil Bili\u015fim\" \/>\n<meta property=\"og:description\" content=\"Birkil firmas\u0131 olarak CANON \u00fcr\u00fcnlerinin tedari\u011fini sizler i\u00e7in sa\u011flayabiliriz. Sitemizdeki CANON \u00fcr\u00fcnlerini inceleyin.\" \/>\n<meta property=\"og:url\" content=\"https:\/\/birkilbilisim.com\/tr\/canon\/\" \/>\n<meta property=\"og:site_name\" content=\"Birkil Bili\u015fim\" \/>\n<meta property=\"article:modified_time\" content=\"2025-03-25T22:27:43+00:00\" \/>\n<meta property=\"og:image\" content=\"https:\/\/birkilbilisim.com\/wp-content\/uploads\/2021\/03\/silah3-29-1-1.jpg\" \/>\n\t<meta property=\"og:image:width\" content=\"1600\" \/>\n\t<meta property=\"og:image:height\" content=\"800\" \/>\n\t<meta property=\"og:image:type\" content=\"image\/jpeg\" \/>\n<meta name=\"twitter:card\" content=\"summary_large_image\" \/>\n<meta name=\"twitter:label1\" content=\"Tahmini okuma s\u00fcresi\" \/>\n\t<meta name=\"twitter:data1\" content=\"1 dakika\" \/>\n<script type=\"application\/ld+json\" class=\"yoast-schema-graph\">{\"@context\":\"https:\/\/schema.org\",\"@graph\":[{\"@type\":\"WebSite\",\"@id\":\"https:\/\/birkilbilisim.com\/#website\",\"url\":\"https:\/\/birkilbilisim.com\/\",\"name\":\"Birkil Bili\u015fim\",\"description\":\"\u00dcst D\u00fczey Bili\u015fim Teknolojileri\",\"potentialAction\":[{\"@type\":\"SearchAction\",\"target\":{\"@type\":\"EntryPoint\",\"urlTemplate\":\"https:\/\/birkilbilisim.com\/?s={search_term_string}\"},\"query-input\":\"required name=search_term_string\"}],\"inLanguage\":\"tr\"},{\"@type\":\"ImageObject\",\"@id\":\"https:\/\/birkilbilisim.com\/canon\/#primaryimage\",\"inLanguage\":\"tr\",\"url\":\"https:\/\/birkilbilisim.com\/wp-content\/uploads\/2021\/03\/silah3-29-1-1.jpg\",\"contentUrl\":\"https:\/\/birkilbilisim.com\/wp-content\/uploads\/2021\/03\/silah3-29-1-1.jpg\",\"width\":1600,\"height\":800},{\"@type\":\"WebPage\",\"@id\":\"https:\/\/birkilbilisim.com\/canon\/#webpage\",\"url\":\"https:\/\/birkilbilisim.com\/canon\/\",\"name\":\"Canon - Birkil Bili\u015fim\",\"isPartOf\":{\"@id\":\"https:\/\/birkilbilisim.com\/#website\"},\"primaryImageOfPage\":{\"@id\":\"https:\/\/birkilbilisim.com\/canon\/#primaryimage\"},\"datePublished\":\"2022-03-20T12:43:03+00:00\",\"dateModified\":\"2025-03-25T22:27:43+00:00\",\"description\":\"Birkil firmas\u0131 olarak CANON \u00fcr\u00fcnlerinin tedari\u011fini sizler i\u00e7in sa\u011flayabiliriz. Sitemizdeki CANON \u00fcr\u00fcnlerini inceleyin.\",\"breadcrumb\":{\"@id\":\"https:\/\/birkilbilisim.com\/canon\/#breadcrumb\"},\"inLanguage\":\"tr\",\"potentialAction\":[{\"@type\":\"ReadAction\",\"target\":[\"https:\/\/birkilbilisim.com\/canon\/\"]}]},{\"@type\":\"BreadcrumbList\",\"@id\":\"https:\/\/birkilbilisim.com\/canon\/#breadcrumb\",\"itemListElement\":[{\"@type\":\"ListItem\",\"position\":1,\"name\":\"Anasayfa\",\"item\":\"https:\/\/birkilbilisim.com\/\"},{\"@type\":\"ListItem\",\"position\":2,\"name\":\"Canon\"}]}]}<\/script>\n<!-- \/ Yoast SEO plugin. -->","yoast_head_json":{"title":"Canon - Birkil Bili\u015fim","description":"Birkil firmas\u0131 olarak CANON \u00fcr\u00fcnlerinin tedari\u011fini sizler i\u00e7in sa\u011flayabiliriz. Sitemizdeki CANON \u00fcr\u00fcnlerini inceleyin.","robots":{"index":"index","follow":"follow","max-snippet":"max-snippet:-1","max-image-preview":"max-image-preview:large","max-video-preview":"max-video-preview:-1"},"canonical":"https:\/\/birkilbilisim.com\/tr\/canon\/","og_locale":"tr_TR","og_type":"article","og_title":"Canon - Birkil Bili\u015fim","og_description":"Birkil firmas\u0131 olarak CANON \u00fcr\u00fcnlerinin tedari\u011fini sizler i\u00e7in sa\u011flayabiliriz. Sitemizdeki CANON \u00fcr\u00fcnlerini inceleyin.","og_url":"https:\/\/birkilbilisim.com\/tr\/canon\/","og_site_name":"Birkil Bili\u015fim","article_modified_time":"2025-03-25T22:27:43+00:00","og_image":[{"width":1600,"height":800,"url":"https:\/\/birkilbilisim.com\/wp-content\/uploads\/2021\/03\/silah3-29-1-1.jpg","type":"image\/jpeg"}],"twitter_card":"summary_large_image","twitter_misc":{"Tahmini okuma s\u00fcresi":"1 dakika"},"schema":{"@context":"https:\/\/schema.org","@graph":[{"@type":"WebSite","@id":"https:\/\/birkilbilisim.com\/#website","url":"https:\/\/birkilbilisim.com\/","name":"Birkil Bili\u015fim","description":"\u00dcst D\u00fczey Bili\u015fim Teknolojileri","potentialAction":[{"@type":"SearchAction","target":{"@type":"EntryPoint","urlTemplate":"https:\/\/birkilbilisim.com\/?s={search_term_string}"},"query-input":"required name=search_term_string"}],"inLanguage":"tr"},{"@type":"ImageObject","@id":"https:\/\/birkilbilisim.com\/canon\/#primaryimage","inLanguage":"tr","url":"https:\/\/birkilbilisim.com\/wp-content\/uploads\/2021\/03\/silah3-29-1-1.jpg","contentUrl":"https:\/\/birkilbilisim.com\/wp-content\/uploads\/2021\/03\/silah3-29-1-1.jpg","width":1600,"height":800},{"@type":"WebPage","@id":"https:\/\/birkilbilisim.com\/canon\/#webpage","url":"https:\/\/birkilbilisim.com\/canon\/","name":"Canon - Birkil Bili\u015fim","isPartOf":{"@id":"https:\/\/birkilbilisim.com\/#website"},"primaryImageOfPage":{"@id":"https:\/\/birkilbilisim.com\/canon\/#primaryimage"},"datePublished":"2022-03-20T12:43:03+00:00","dateModified":"2025-03-25T22:27:43+00:00","description":"Birkil firmas\u0131 olarak CANON \u00fcr\u00fcnlerinin tedari\u011fini sizler i\u00e7in sa\u011flayabiliriz. Sitemizdeki CANON \u00fcr\u00fcnlerini inceleyin.","breadcrumb":{"@id":"https:\/\/birkilbilisim.com\/canon\/#breadcrumb"},"inLanguage":"tr","potentialAction":[{"@type":"ReadAction","target":["https:\/\/birkilbilisim.com\/canon\/"]}]},{"@type":"BreadcrumbList","@id":"https:\/\/birkilbilisim.com\/canon\/#breadcrumb","itemListElement":[{"@type":"ListItem","position":1,"name":"Anasayfa","item":"https:\/\/birkilbilisim.com\/"},{"@type":"ListItem","position":2,"name":"Canon"}]}]}},"_links":{"self":[{"href":"https:\/\/birkilbilisim.com\/tr\/wp-json\/wp\/v2\/pages\/37158"}],"collection":[{"href":"https:\/\/birkilbilisim.com\/tr\/wp-json\/wp\/v2\/pages"}],"about":[{"href":"https:\/\/birkilbilisim.com\/tr\/wp-json\/wp\/v2\/types\/page"}],"author":[{"embeddable":true,"href":"https:\/\/birkilbilisim.com\/tr\/wp-json\/wp\/v2\/users\/1"}],"replies":[{"embeddable":true,"href":"https:\/\/birkilbilisim.com\/tr\/wp-json\/wp\/v2\/comments?post=37158"}],"version-history":[{"count":1,"href":"https:\/\/birkilbilisim.com\/tr\/wp-json\/wp\/v2\/pages\/37158\/revisions"}],"predecessor-version":[{"id":37645,"href":"https:\/\/birkilbilisim.com\/tr\/wp-json\/wp\/v2\/pages\/37158\/revisions\/37645"}],"wp:featuredmedia":[{"embeddable":true,"href":"https:\/\/birkilbilisim.com\/tr\/wp-json\/wp\/v2\/media\/36874"}],"wp:attachment":[{"href":"https:\/\/birkilbilisim.com\/tr\/wp-json\/wp\/v2\/media?parent=37158"}],"curies":[{"name":"wp","href":"https:\/\/api.w.org\/{rel}","templated":true}]}}